{"id":1516,"date":"2015-04-01T15:05:45","date_gmt":"2015-04-01T15:05:45","guid":{"rendered":"http:\/\/tavern.axiomthemes.com\/?page_id=1516"},"modified":"2015-04-01T15:05:45","modified_gmt":"2015-04-01T15:05:45","slug":"homepage-3","status":"publish","type":"page","link":"https:\/\/www.zakreconabila.pl\/en\/homepage-3\/","title":{"rendered":"Homepage 3"},"content":{"rendered":"<div class=\"wpb-content-wrapper\"><div class=\"vc_row wpb_row vc_row-fluid\"><div class=\"wpb_column vc_column_container vc_col-sm-12\"><div class=\"vc_column-inner\"><div class=\"wpb_wrapper\"><!-- #TRX_GAP_START# --><div class=\"sc_section block_bg aligncenter\" style=\"margin-top:90px !important;\"><div class=\"sc_content content_wrap\" style=\"margin-bottom:80px !important;\"><h1 class=\"sc_title sc_title_regular sc_align_center styling1\" style=\"margin-bottom:35px;text-align:center;\" data-animation=\"animated fadeInUp normal\">Join Us For A Beer!<\/h1><div class=\"sc_section aligncenter\" style=\"margin-bottom:70px !important;color:#9b8c85;font-size:16px; line-height: 1.3em;\">\n\t<div class=\"wpb_text_column wpb_content_element\" >\n\t\t<div class=\"wpb_wrapper\">\n\t\t\t<p>\nAt our pub, we proudly offer our guests to taste our best types of beer brewed from carefully selected<br \/> barley, wheat and hops. Take a look below to learn more about our best beers.<\/p>\n\n\t\t<\/div>\n\t<\/div>\n<\/div><div class=\"columns_wrap sc_columns columns_nofluid sc_columns_count_4\" data-animation=\"animated fadeInUp normal\"><div class=\"column-1_4 sc_column_item sc_column_item_1 odd first\" style=\"text-align:center;\"><figure class=\"sc_image  sc_image_shape_square sc_image_none\" data-animation=\"animated fadeInUp normal\"><img decoding=\"async\" src=\"https:\/\/www.zakreconabila.pl\/wp-content\/uploads\/2015\/03\/beer-1.png\" alt=\"\" \/><\/figure><h5 class=\"sc_title sc_title_regular sc_align_center\" style=\"margin-top:30px;text-align:center;color:#b55126;\">PILSNER<\/h5>\n\t<div class=\"wpb_text_column wpb_content_element\" >\n\t\t<div class=\"wpb_wrapper\">\n\t\t\t<p>It&#8217;s a clean and simple pale lager and one of the more popular beer varieties. <\/p>\n\n\t\t<\/div>\n\t<\/div>\n<\/div><div class=\"column-1_4 sc_column_item sc_column_item_2 even\" style=\"text-align:center;\"><figure class=\"sc_image  sc_image_shape_square sc_image_none\" data-animation=\"animated fadeInUp normal\"><img decoding=\"async\" src=\"https:\/\/www.zakreconabila.pl\/wp-content\/uploads\/2015\/03\/beer-2.png\" alt=\"\" \/><\/figure><h5 class=\"sc_title sc_title_regular sc_align_center\" style=\"margin-top:30px;text-align:center;color:#b55126;\">STOUTS<\/h5>\n\t<div class=\"wpb_text_column wpb_content_element\" >\n\t\t<div class=\"wpb_wrapper\">\n\t\t\t<p>Stouts have an unclear history, yet it&#8217;s strongly held by many that they derive from porters. <\/p>\n\n\t\t<\/div>\n\t<\/div>\n<\/div><div class=\"column-1_4 sc_column_item sc_column_item_3 odd\" style=\"text-align:center;\"><figure class=\"sc_image  sc_image_shape_square sc_image_none\" data-animation=\"animated fadeInUp normal\"><img decoding=\"async\" src=\"https:\/\/www.zakreconabila.pl\/wp-content\/uploads\/2015\/03\/beer-3.png\" alt=\"\" \/><\/figure><h5 class=\"sc_title sc_title_regular sc_align_center\" style=\"margin-top:30px;text-align:center;color:#b55126;\">PALE ALE<\/h5>\n\t<div class=\"wpb_text_column wpb_content_element\" >\n\t\t<div class=\"wpb_wrapper\">\n\t\t\t<p>Pale ale is one of the world&#8217;s most popular beer styles. It&#8217;s made with the use of pale malt. <\/p>\n\n\t\t<\/div>\n\t<\/div>\n<\/div><div class=\"column-1_4 sc_column_item sc_column_item_4 even\" style=\"text-align:center;\"><figure class=\"sc_image  sc_image_shape_square sc_image_none\" data-animation=\"animated fadeInUp normal\"><img decoding=\"async\" src=\"https:\/\/www.zakreconabila.pl\/wp-content\/uploads\/2015\/03\/beer-4.png\" alt=\"\" \/><\/figure><h5 class=\"sc_title sc_title_regular sc_align_center\" style=\"margin-top:30px;text-align:center;color:#b55126;\">BROWN ALE<\/h5>\n\t<div class=\"wpb_text_column wpb_content_element\" >\n\t\t<div class=\"wpb_wrapper\">\n\t\t\t<p>It&#8217;s a very old style beer, whose history dates back to unhopped ales. <\/p>\n\n\t\t<\/div>\n\t<\/div>\n<\/div><\/div><\/div><\/div><!-- #TRX_GAP_END# --><\/div><\/div><\/div><\/div><div class=\"vc_row wpb_row vc_row-fluid\"><div class=\"wpb_column vc_column_container vc_col-sm-12\"><div class=\"vc_column-inner\"><div class=\"wpb_wrapper\"><!-- #TRX_GAP_START# --><div class=\"sc_section bg_tint_dark aligncenter\"><h1 class=\"sc_title sc_title_regular sc_align_center styling3\" style=\"margin-top:90px;margin-bottom:35px;text-align:center;\" data-animation=\"animated fadeInUp normal\">Testimonials<\/h1><div class=\"sc_testimonials_wrap sc_section bg_tint_dark\" style=\"background-color:#2d2319;background-image:url(https:\/\/www.zakreconabila.pl\/wp-content\/uploads\/2015\/03\/footer_dark_bg.jpg);\" data-animation=\"animated fadeInUp normal\"><div class=\"sc_section_overlay\" style=\"\"><div id=\"sc_testimonials_2041050821\" class=\"sc_testimonials sc_slider_swiper swiper-slider-container sc_slider_nopagination sc_slider_controls sc_slider_height_auto aligncenter\" data-interval=\"7000\" style=\"margin-bottom:80px;width:100%;\"><div class=\"slides swiper-wrapper\"><div class=\"swiper-slide\" data-style=\"width:100%;\" style=\"width:100%;\"><div class=\"sc_testimonial_item\"><div class=\"sc_testimonial_content\"><p>Best purchase i made in envato. Great Theme!<\/p>\n<\/div><div class=\"sc_testimonials_item_author\"><div class=\"sc_testimonial_author\"><a href=\"#\">Sarah Jefferson<\/a><\/div><\/div><\/div><\/div><div class=\"swiper-slide\" data-style=\"width:100%;\" style=\"width:100%;\"><div class=\"sc_testimonial_item\"><div class=\"sc_testimonial_content\"><p>Thank you for all your help and assistance over the years with our products.<br \/>\nI would have no hesitation in recommending you to my clients.<\/p>\n<\/div><div class=\"sc_testimonials_item_author\"><div class=\"sc_testimonial_author\"><a href=\"#\">David Anderson<\/a><\/div><\/div><\/div><\/div><div class=\"swiper-slide\" data-style=\"width:100%;\" style=\"width:100%;\"><div class=\"sc_testimonial_item\"><div class=\"sc_testimonial_content\"><p>I love this pub. Lots of different beer anyone can make happy!<\/p>\n<\/div><div class=\"sc_testimonials_item_author\"><div class=\"sc_testimonial_author\">online Education<\/div><\/div><\/div><\/div><\/div><div class=\"sc_slider_controls_wrap controls_top\"><a class=\"sc_slider_prev\" href=\"#\"><\/a><a class=\"sc_slider_next\" href=\"#\"><\/a><\/div><\/div><\/div><\/div><\/div><!-- #TRX_GAP_END# --><\/div><\/div><\/div><\/div><div class=\"vc_row wpb_row vc_row-fluid\"><div class=\"wpb_column vc_column_container vc_col-sm-12\"><div class=\"vc_column-inner\"><div class=\"wpb_wrapper\"><div class=\"sc_section bg_tint_light\" style=\"margin-top:100px !important;\"><div class=\"sc_content content_wrap\" style=\"margin-bottom:20px !important;\"><h1 class=\"sc_title sc_title_regular sc_align_center styling1\" style=\"margin-bottom:35px;text-align:center;\" data-animation=\"animated fadeInUp normal\">From the Blog<\/h1><div id=\"sc_blogger_1540124876\" class=\"sc_blogger layout_classic_4 template_masonry  sc_blogger_horizontal\" data-animation=\"animated fadeInUp normal\"><div class=\"isotope_wrap\" data-columns=\"4\">\t\t<div class=\"isotope_item isotope_item_classic isotope_item_classic_4 isotope_column_4\">\n\t\t\t<div class=\"post_item post_item_classic post_item_classic_4\t\t\t\t  post_format_standard odd\">\n\t\t\t\t\n\t\t\t\t\t\t\t\t\t<div class=\"post_featured\">\n\t\t\t\t\t\t\t\t\t\t\t\t<div class=\"post_thumb sc_image_styled\" data-image=\"https:\/\/www.zakreconabila.pl\/wp-content\/uploads\/2026\/04\/20260426_121032-1-scaled.jpg\" data-title=\"Amator Challenge 2026 nr 2\">\n\t\t\t\t\t\t<a class=\"hover_icon hover_icon_link\" href=\"https:\/\/www.zakreconabila.pl\/en\/bilard-w-zakreconej\/amator-challenge-2026-nr-2\/\"><img loading=\"lazy\" decoding=\"async\" class=\"wp-post-image\" width=\"260\" height=\"140\" alt=\"Amator Challenge 2026 nr 2\" src=\"https:\/\/www.zakreconabila.pl\/wp-content\/uploads\/2026\/04\/20260426_121032-1-scaled-260x140.jpg\"><\/a>\t\t\t\t\t\t<\/div>\n\t\t\t\t\t\t\t\t\t\t\t<\/div>\n\t\t\t\t\n\t\t\t\t<div class=\"post_content isotope_item_content\">\n\t\t\t\t\t\n\t\t\t\t\t\t\t\t\t\t\t\t<h4 class=\"post_title\"><a href=\"https:\/\/www.zakreconabila.pl\/en\/bilard-w-zakreconej\/amator-challenge-2026-nr-2\/\">Amator Challenge 2026 nr 2<\/a><\/h4>\n\t\t\t\t\t\t\t\n\t\t\t\t\t<div class=\"post_descr\">\n\t\t\t\t\t\t<p>W niedziel\u0119 26.04.2026r. rozegrali\u015bmy w Zakr\u0119conej drugi turniej tegorocznej ods\u0142ony Amator Challenge 2026 &#8211...<\/p>\t\t\t\t\t<\/div>\n\t\t\t\t\t\t\t\t<div class=\"post_info\">\n\t\t\t\t\t\t\t\t\t<span class=\"post_info_item post_info_posted\">Posted <a href=\"https:\/\/www.zakreconabila.pl\/en\/bilard-w-zakreconej\/amator-challenge-2026-nr-2\/\" class=\"post_info_date\">1 day ago<\/a><\/span>\n\t\t\t\t\t\t\t\t<\/div>\n<a href=\"https:\/\/www.zakreconabila.pl\/en\/bilard-w-zakreconej\/amator-challenge-2026-nr-2\/\" class=\"sc_button sc_button_square sc_button_style_filled sc_button_bg_user sc_button_size_small\"><span>MORE<\/span><span>MORE<\/span><\/a> <a href=\"https:\/\/www.zakreconabila.pl\/en\/bilard-w-zakreconej\/amator-challenge-2026-nr-2\/\" class=\"sc_button sc_button_square sc_button_style_filled sc_button_bg_link sc_button_size_small\"><span>22<\/span><span>22<\/span><\/a>\n\t\t\t\t<\/div>\t\t\t\t<!-- \/.post_content -->\n\t\t\t<\/div>\t<!-- \/.post_item -->\n\t\t<\/div>\t\t\t\t\t\t<!-- \/.isotope_item -->\n\t\t\t\t<div class=\"isotope_item isotope_item_classic isotope_item_classic_4 isotope_column_4\">\n\t\t\t<div class=\"post_item post_item_classic post_item_classic_4\t\t\t\t  post_format_standard even\">\n\t\t\t\t\n\t\t\t\t\t\t\t\t\t<div class=\"post_featured\">\n\t\t\t\t\t\t\t\t\t\t\t\t<div class=\"post_thumb sc_image_styled\" data-image=\"https:\/\/www.zakreconabila.pl\/wp-content\/uploads\/2026\/03\/amator_plakat_2026_eliminacje_zmiana-terminu-scaled.jpg\" data-title=\"Zapisy II turniej Amator Challenge 2026\">\n\t\t\t\t\t\t<a class=\"hover_icon hover_icon_link\" href=\"https:\/\/www.zakreconabila.pl\/en\/bilard-w-zakreconej\/zapisy-ii-turniej-amator-challenge-2026\/\"><img loading=\"lazy\" decoding=\"async\" class=\"wp-post-image\" width=\"260\" height=\"140\" alt=\"Zapisy II turniej Amator Challenge 2026\" src=\"https:\/\/www.zakreconabila.pl\/wp-content\/uploads\/2026\/03\/amator_plakat_2026_eliminacje_zmiana-terminu-scaled-260x140.jpg\"><\/a>\t\t\t\t\t\t<\/div>\n\t\t\t\t\t\t\t\t\t\t\t<\/div>\n\t\t\t\t\n\t\t\t\t<div class=\"post_content isotope_item_content\">\n\t\t\t\t\t\n\t\t\t\t\t\t\t\t\t\t\t\t<h4 class=\"post_title\"><a href=\"https:\/\/www.zakreconabila.pl\/en\/bilard-w-zakreconej\/zapisy-ii-turniej-amator-challenge-2026\/\">Zapisy II turniej Amator Challenge 2026<\/a><\/h4>\n\t\t\t\t\t\t\t\n\t\t\t\t\t<div class=\"post_descr\">\n\t\t\t\t\t\t<p>Rozpoczynamy zapisy do II turnieju cyklu Amator Challenge 2026 \u2013 Eliminacje do Mistrzostw Polski Amator\u00f3w...<\/p>\t\t\t\t\t<\/div>\n\t\t\t\t\t\t\t\t<div class=\"post_info\">\n\t\t\t\t\t\t\t\t\t<span class=\"post_info_item post_info_posted\">Posted <a href=\"https:\/\/www.zakreconabila.pl\/en\/bilard-w-zakreconej\/zapisy-ii-turniej-amator-challenge-2026\/\" class=\"post_info_date\">5 days ago<\/a><\/span>\n\t\t\t\t\t\t\t\t<\/div>\n<a href=\"https:\/\/www.zakreconabila.pl\/en\/bilard-w-zakreconej\/zapisy-ii-turniej-amator-challenge-2026\/\" class=\"sc_button sc_button_square sc_button_style_filled sc_button_bg_user sc_button_size_small\"><span>MORE<\/span><span>MORE<\/span><\/a> <a href=\"https:\/\/www.zakreconabila.pl\/en\/bilard-w-zakreconej\/zapisy-ii-turniej-amator-challenge-2026\/\" class=\"sc_button sc_button_square sc_button_style_filled sc_button_bg_link sc_button_size_small\"><span>78<\/span><span>78<\/span><\/a>\n\t\t\t\t<\/div>\t\t\t\t<!-- \/.post_content -->\n\t\t\t<\/div>\t<!-- \/.post_item -->\n\t\t<\/div>\t\t\t\t\t\t<!-- \/.isotope_item -->\n\t\t\t\t<div class=\"isotope_item isotope_item_classic isotope_item_classic_4 isotope_column_4\">\n\t\t\t<div class=\"post_item post_item_classic post_item_classic_4\t\t\t\t  post_format_standard odd\">\n\t\t\t\t\n\t\t\t\t\t\t\t\t\t<div class=\"post_featured\">\n\t\t\t\t\t\t\t\t\t\t\t\t<div class=\"post_thumb sc_image_styled\" data-image=\"https:\/\/www.zakreconabila.pl\/wp-content\/uploads\/2026\/04\/podklad2-1-1.png\" data-title=\"Mistrzostwa Polski Amator\u00f3w w 9-bil 2026\">\n\t\t\t\t\t\t<a class=\"hover_icon hover_icon_link\" href=\"https:\/\/www.zakreconabila.pl\/en\/bilard-w-zakreconej\/mistrzostwa-polski-amatorow-w-9-bil-2026\/\"><img loading=\"lazy\" decoding=\"async\" class=\"wp-post-image\" width=\"260\" height=\"140\" alt=\"Mistrzostwa Polski Amator\u00f3w w 9-bil 2026\" src=\"https:\/\/www.zakreconabila.pl\/wp-content\/uploads\/2026\/04\/podklad2-1-1-260x140.png\"><\/a>\t\t\t\t\t\t<\/div>\n\t\t\t\t\t\t\t\t\t\t\t<\/div>\n\t\t\t\t\n\t\t\t\t<div class=\"post_content isotope_item_content\">\n\t\t\t\t\t\n\t\t\t\t\t\t\t\t\t\t\t\t<h4 class=\"post_title\"><a href=\"https:\/\/www.zakreconabila.pl\/en\/bilard-w-zakreconej\/mistrzostwa-polski-amatorow-w-9-bil-2026\/\">Mistrzostwa Polski Amator\u00f3w w 9-bil 2026<\/a><\/h4>\n\t\t\t\t\t\t\t\n\t\t\t\t\t<div class=\"post_descr\">\n\t\t\t\t\t\t<p>W niedziel\u0119 17.05.2026r. odb\u0119dzie si\u0119 w Zakr\u0119conej turniej kwalifikacyjny do Mi\u0119dzynarodowych Mistrzostw Polski...<\/p>\t\t\t\t\t<\/div>\n\t\t\t\t\t\t\t\t<div class=\"post_info\">\n\t\t\t\t\t\t\t\t\t<span class=\"post_info_item post_info_posted\">Posted <a href=\"https:\/\/www.zakreconabila.pl\/en\/bilard-w-zakreconej\/mistrzostwa-polski-amatorow-w-9-bil-2026\/\" class=\"post_info_date\">7 days ago<\/a><\/span>\n\t\t\t\t\t\t\t\t<\/div>\n<a href=\"https:\/\/www.zakreconabila.pl\/en\/bilard-w-zakreconej\/mistrzostwa-polski-amatorow-w-9-bil-2026\/\" class=\"sc_button sc_button_square sc_button_style_filled sc_button_bg_user sc_button_size_small\"><span>MORE<\/span><span>MORE<\/span><\/a> <a href=\"https:\/\/www.zakreconabila.pl\/en\/bilard-w-zakreconej\/mistrzostwa-polski-amatorow-w-9-bil-2026\/\" class=\"sc_button sc_button_square sc_button_style_filled sc_button_bg_link sc_button_size_small\"><span>56<\/span><span>56<\/span><\/a>\n\t\t\t\t<\/div>\t\t\t\t<!-- \/.post_content -->\n\t\t\t<\/div>\t<!-- \/.post_item -->\n\t\t<\/div>\t\t\t\t\t\t<!-- \/.isotope_item -->\n\t\t\t\t<div class=\"isotope_item isotope_item_classic isotope_item_classic_4 isotope_column_4\">\n\t\t\t<div class=\"post_item post_item_classic post_item_classic_4\t\t\t\t  post_format_standard even last\">\n\t\t\t\t\n\t\t\t\t\t\t\t\t\t<div class=\"post_featured\">\n\t\t\t\t\t\t\t\t\t\t\t\t<div class=\"post_thumb sc_image_styled\" data-image=\"https:\/\/www.zakreconabila.pl\/wp-content\/uploads\/2026\/04\/A7008E3D-25E9-4539-8053-62A9A7BEC2DE-scaled.jpeg\" data-title=\"\">\n\t\t\t\t\t\t<a class=\"hover_icon hover_icon_link\" href=\"https:\/\/www.zakreconabila.pl\/en\/bilard-w-zakreconej\/4357\/\"><img loading=\"lazy\" decoding=\"async\" class=\"wp-post-image\" width=\"260\" height=\"140\" alt=\"\" src=\"https:\/\/www.zakreconabila.pl\/wp-content\/uploads\/2026\/04\/A7008E3D-25E9-4539-8053-62A9A7BEC2DE-scaled-260x140.jpeg\"><\/a>\t\t\t\t\t\t<\/div>\n\t\t\t\t\t\t\t\t\t\t\t<\/div>\n\t\t\t\t\n\t\t\t\t<div class=\"post_content isotope_item_content\">\n\t\t\t\t\t\n\t\t\t\t\t\t\t\t\t\t\t\t<h4 class=\"post_title\"><a href=\"https:\/\/www.zakreconabila.pl\/en\/bilard-w-zakreconej\/4357\/\"><\/a><\/h4>\n\t\t\t\t\t\t\t\n\t\t\t\t\t<div class=\"post_descr\">\n\t\t\t\t\t\t<p>Jak bilard z ekip\u0105 to w\u0142a\u015bnie u nas!!\u00a0 Zgarniaj najbli\u017cszych i wpadaj ju\u017c dzi\u015b!&nbsp;<\/p>\t\t\t\t\t<\/div>\n\t\t\t\t\t\t\t\t<div class=\"post_info\">\n\t\t\t\t\t\t\t\t\t<span class=\"post_info_item post_info_posted\">Posted <a href=\"https:\/\/www.zakreconabila.pl\/en\/bilard-w-zakreconej\/4357\/\" class=\"post_info_date\">10 days ago<\/a><\/span>\n\t\t\t\t\t\t\t\t<\/div>\n<a href=\"https:\/\/www.zakreconabila.pl\/en\/bilard-w-zakreconej\/4357\/\" class=\"sc_button sc_button_square sc_button_style_filled sc_button_bg_user sc_button_size_small\"><span>MORE<\/span><span>MORE<\/span><\/a> <a href=\"https:\/\/www.zakreconabila.pl\/en\/bilard-w-zakreconej\/4357\/\" class=\"sc_button sc_button_square sc_button_style_filled sc_button_bg_link sc_button_size_small\"><span>81<\/span><span>81<\/span><\/a>\n\t\t\t\t<\/div>\t\t\t\t<!-- \/.post_content -->\n\t\t\t<\/div>\t<!-- \/.post_item -->\n\t\t<\/div>\t\t\t\t\t\t<!-- \/.isotope_item -->\n\t\t<\/div><\/div><\/div><\/div><\/div><\/div><\/div><\/div><div class=\"vc_row wpb_row vc_row-fluid\"><div class=\"wpb_column vc_column_container vc_col-sm-12\"><div class=\"vc_column-inner\"><div class=\"wpb_wrapper\"><!-- #TRX_GAP_START# --><div id=\"sc_googlemap_143448819\" class=\"sc_googlemap\" style=\"width:100%;height:453px;\" data-address=\"\" data-description=\"\" data-latlng=\" 40.712784,-74.005941\" data-zoom=\"14\" data-style=\"style2\" data-point=\"https:\/\/www.zakreconabila.pl\/wp-content\/uploads\/2017\/04\/mapa-ikona-zakrecona-bila-2.png\"><\/div><!-- #TRX_GAP_END# --><\/div><\/div><\/div><\/div><div class=\"vc_row wpb_row vc_row-fluid\"><div class=\"wpb_column vc_column_container vc_col-sm-12\"><div class=\"vc_column-inner\"><div class=\"wpb_wrapper\"><!-- #TRX_GAP_START# --><div class=\"sc_section bg_tint_light aligncenter\" style=\"background-image:url(https:\/\/www.zakreconabila.pl\/wp-content\/uploads\/2015\/04\/home-1-emailer-bg.jpg);\"><div class=\"sc_section_overlay\" style=\"\"><div class=\"sc_section_content\"><div class=\"sc_content content_wrap\" style=\"margin-top:70px !important;margin-bottom:85px !important;\"><h1 class=\"sc_title sc_title_regular sc_align_center styling3\" style=\"text-align:center;\" data-animation=\"animated fadeInUp normal\">Subscribe Now<\/h1><div class=\"sc_section aligncenter\" data-animation=\"animated fadeInUp normal\" style=\"margin-bottom:70px !important;color:#9b8c85;font-size:16px; line-height: 1.3em;\">\n\t<div class=\"wpb_text_column wpb_content_element\" >\n\t\t<div class=\"wpb_wrapper\">\n\t\t\t<p>\nStay up-to-date with our new openings, upcoming events, seasonal<br \/>specials, and promotions.<\/p>\n\n\t\t<\/div>\n\t<\/div>\n<\/div><div class=\"sc_emailer aligncenter sc_emailer_opened\" data-animation=\"animated fadeInUp normal\"><form class=\"sc_emailer_form\" action=\"\"><div><input type=\"text\" class=\"sc_emailer_input\" name=\"email\" value=\"\" placeholder=\"Please, enter you email address.\"><\/div><a class=\"sc_emailer_button sc_button sc_button_square sc_button_style_filled sc_button_bg_user sc_button_size_small\" href=\"#\" title=\"Submit\" data-group=\"E-mailer subscription\"><span>SUBSCRIBE<\/span><span>SUBSCRIBE<\/span><\/a><input type=\"hidden\" name=\"trp-form-language\" value=\"en\"\/><\/form><\/div><\/div><\/div><\/div><\/div><!-- #TRX_GAP_END# --><\/div><\/div><\/div><\/div>\n<\/div>","protected":false},"excerpt":{"rendered":"Jak bilard z ekip\u0105 to w\u0142a\u015bnie u nas!!\u00a0 Zgarniaj najbli\u017cszych i wpadaj ju\u017c dzi\u015b!&nbsp;","protected":false},"author":1,"featured_media":0,"parent":0,"menu_order":0,"comment_status":"open","ping_status":"open","template":"","meta":{"footnotes":""},"_links":{"self":[{"href":"https:\/\/www.zakreconabila.pl\/en\/wp-json\/wp\/v2\/pages\/1516"}],"collection":[{"href":"https:\/\/www.zakreconabila.pl\/en\/wp-json\/wp\/v2\/pages"}],"about":[{"href":"https:\/\/www.zakreconabila.pl\/en\/wp-json\/wp\/v2\/types\/page"}],"author":[{"embeddable":true,"href":"https:\/\/www.zakreconabila.pl\/en\/wp-json\/wp\/v2\/users\/1"}],"replies":[{"embeddable":true,"href":"https:\/\/www.zakreconabila.pl\/en\/wp-json\/wp\/v2\/comments?post=1516"}],"version-history":[{"count":0,"href":"https:\/\/www.zakreconabila.pl\/en\/wp-json\/wp\/v2\/pages\/1516\/revisions"}],"wp:attachment":[{"href":"https:\/\/www.zakreconabila.pl\/en\/wp-json\/wp\/v2\/media?parent=1516"}],"curies":[{"name":"wp","href":"https:\/\/api.w.org\/{rel}","templated":true}]}}