{"id":2039,"date":"2017-04-25T13:06:01","date_gmt":"2017-04-25T13:06:01","guid":{"rendered":"http:\/\/www.zakreconabila.pl\/?page_id=2039"},"modified":"2026-03-26T22:20:35","modified_gmt":"2026-03-26T22:20:35","slug":"o-klubie","status":"publish","type":"page","link":"https:\/\/www.zakreconabila.pl\/en\/o-klubie\/","title":{"rendered":"O KLUBIE"},"content":{"rendered":"<div class=\"wpb-content-wrapper\"><div class=\"vc_row wpb_row vc_row-fluid\"><div class=\"wpb_column vc_column_container vc_col-sm-12\"><div class=\"vc_column-inner\"><div class=\"wpb_wrapper\">\n\t<div class=\"wpb_text_column wpb_content_element\" >\n\t\t<div class=\"wpb_wrapper\">\n\t\t\t<p style=\"text-align: center;\"><strong>Zakr\u0119cona Bila Pozna\u0144 \u2013 Playing Your Game For More Than Two Decades<\/strong><\/p>\n<p style=\"text-align: center;\">Zakr\u0119cona Bila to najd\u0142u\u017cej istniej\u0105cy w tym samym miejscu klub bilardowy w Poznaniu. Dzia\u0142alno\u015b\u0107 rozpocz\u0119li\u015bmy w 1999 roku, czyli ponad dwie dekady temu. Od 25 lat stale podnosimy jako\u015b\u0107 us\u0142ug, aby ka\u017cdy go\u015b\u0107 czu\u0142 z nich satysfakcj\u0119. W naszym klubie oferujemy szeroki zakres ofert. Popularne s\u0105 u nas imprezy firmowe, urodziny, czy wieczory kawalerskie. Oferujemy specjalne promocje dla student\u00f3w oraz sta\u0142ych klient\u00f3w. W barze mamy do zaproponowania dobre piwo, markowe alkohole oraz pyszne autorskie drinki, kt\u00f3re ciesz\u0105 si\u0119 niema\u0142\u0105 popularno\u015bci\u0105 w\u015br\u00f3d bywalc\u00f3w klubu. Serwujemy r\u00f3wnie\u017c przek\u0105ski.<\/p>\n<p style=\"text-align: center;\">Gra w bilard, rzutki lub pi\u0142karzyki w Zakr\u0119conej Bili odbywa si\u0119 na najwy\u017cszym poziomie, na nowoczesnych sto\u0142ach i przy u\u017cyciu sprz\u0119tu najwy\u017cszej jako\u015bci. Organizujemy profesjonalne turnieje wraz z Polskim Zwi\u0105zkiem Bilardowym. Przez kilka lat w ka\u017cdy poniedzia\u0142ek rozgrywali\u015bmy cykliczny turniej Monday Killer. Chcemy, by ka\u017cdy mia\u0142 szans\u0119 si\u0119 wykaza\u0107 i \u015bwietnie bawi\u0107. W Zakr\u0119conej Bili odbywaj\u0105 si\u0119 r\u00f3wnie\u017c eliminacje do najwi\u0119kszego amatorskiego turnieju w Europie tzw. \u201eAmator Challenge\u201d. Nasz klub to miejsce, w jakim mo\u017cna si\u0119 dobrze bawi\u0107 i zrelaksowa\u0107.<\/p>\n<p style=\"text-align: center;\">Dru\u017cyny Zakr\u0119conej bior\u0105 udzia\u0142 w rozgrywkach I oraz II Polskiej Ligi Bilardowej PZBil.<\/p>\n<p style=\"text-align: center;\">Friendly and smiling staff, an atmospheric pub, air conditioning, full-size and small\u00a0 pool tables \u2013 these are what we are known for best. You and all your friends are welcome \u2013 have fun!<\/p>\n<p style=\"text-align: center;\">Tags:\u00a0<a class=\"post_tag_link\" href=\"https:\/\/www.zakreconabila.pl\/en\/tag\/bilard\/\">bilard<\/a>,\u00a0<a class=\"post_tag_link\" href=\"https:\/\/www.zakreconabila.pl\/en\/tag\/bilard-poznan\/\">bilard pozna\u0144<\/a>,\u00a0<a class=\"post_tag_link\" href=\"https:\/\/www.zakreconabila.pl\/en\/tag\/dart-poznan\/\">dart pozna\u0144<\/a>,\u00a0<a class=\"post_tag_link\" href=\"https:\/\/www.zakreconabila.pl\/en\/tag\/poznan-bilard\/\">pozna\u0144 bilard<\/a>,\u00a0<a class=\"post_tag_link\" href=\"https:\/\/www.zakreconabila.pl\/en\/tag\/randka-poznan\/\">randka pozna\u0144<\/a>,\u00a0<a class=\"post_tag_link\" href=\"https:\/\/www.zakreconabila.pl\/en\/tag\/rozrywka-poznan\/\">rozrywka pozna\u0144<\/a><\/p>\n\n\t\t<\/div>\n\t<\/div>\n<\/div><\/div><\/div><\/div><div class=\"vc_row wpb_row vc_row-fluid\"><div class=\"wpb_column vc_column_container vc_col-sm-12\"><div class=\"vc_column-inner\"><div class=\"wpb_wrapper\"><video class=\"sc_video\" src=\"https:\/\/www.zakreconabila.pl\/wp-content\/uploads\/2026\/03\/ZB_filmik_pelny-klub_26.mp4\" width=\"100%\" height=\"\" data-width=\"100%\" data-height=\"\" data-ratio=\"16:9\" data-align=\"center\" style=\"width:100%;\" controls=\"controls\" loop=\"loop\"><\/video><\/div><\/div><\/div><\/div>\n<\/div>","protected":false},"excerpt":{"rendered":"Zakr\u0119cona Bila Pozna\u0144 \u2013 gramy z Wami od ponad dw\u00f3ch dekad Zakr\u0119cona Bila to najd\u0142u\u017cej istniej\u0105cy w tym samym miejscu klub bilardowy w Poznaniu. Dzia\u0142alno\u015b\u0107 rozpocz\u0119li\u015bmy w 1999 roku, czyli ponad dwie dekady temu. Od 25 lat stale podnosimy jako\u015b\u0107 us\u0142ug, aby ka\u017cdy go\u015b\u0107 czu\u0142 z nich satysfakcj\u0119. W naszym klubie oferujemy szeroki zakres ofert. [...]","protected":false},"author":1,"featured_media":0,"parent":0,"menu_order":0,"comment_status":"closed","ping_status":"closed","template":"","meta":{"footnotes":""},"_links":{"self":[{"href":"https:\/\/www.zakreconabila.pl\/en\/wp-json\/wp\/v2\/pages\/2039"}],"collection":[{"href":"https:\/\/www.zakreconabila.pl\/en\/wp-json\/wp\/v2\/pages"}],"about":[{"href":"https:\/\/www.zakreconabila.pl\/en\/wp-json\/wp\/v2\/types\/page"}],"author":[{"embeddable":true,"href":"https:\/\/www.zakreconabila.pl\/en\/wp-json\/wp\/v2\/users\/1"}],"replies":[{"embeddable":true,"href":"https:\/\/www.zakreconabila.pl\/en\/wp-json\/wp\/v2\/comments?post=2039"}],"version-history":[{"count":26,"href":"https:\/\/www.zakreconabila.pl\/en\/wp-json\/wp\/v2\/pages\/2039\/revisions"}],"predecessor-version":[{"id":4324,"href":"https:\/\/www.zakreconabila.pl\/en\/wp-json\/wp\/v2\/pages\/2039\/revisions\/4324"}],"wp:attachment":[{"href":"https:\/\/www.zakreconabila.pl\/en\/wp-json\/wp\/v2\/media?parent=2039"}],"curies":[{"name":"wp","href":"https:\/\/api.w.org\/{rel}","templated":true}]}}