{"id":2041,"date":"2017-04-25T13:06:11","date_gmt":"2017-04-25T13:06:11","guid":{"rendered":"http:\/\/www.zakreconabila.pl\/?page_id=2041"},"modified":"2026-03-26T22:19:12","modified_gmt":"2026-03-26T22:19:12","slug":"rezerwacja","status":"publish","type":"page","link":"https:\/\/www.zakreconabila.pl\/en\/rezerwacja\/","title":{"rendered":"REZERWACJA STO\u0141Y BILARD POZNA\u0143"},"content":{"rendered":"<div class=\"wpb-content-wrapper\"><div class=\"vc_row wpb_row vc_row-fluid\"><div class=\"wpb_column vc_column_container vc_col-sm-12\"><div class=\"vc_column-inner\"><div class=\"wpb_wrapper\">\n\t<div class=\"wpb_text_column wpb_content_element\" >\n\t\t<div class=\"wpb_wrapper\">\n\t\t\t<h1 style=\"text-align: center; font-size: 36px;\"><span style=\"color: #33aa9b; text-transform: uppercase;\">Pool tables \u2013 book now!<\/span><\/h1>\n<h1 style=\"text-align: center; font-size: 48px;\"><strong>+48 533 522 608<\/strong><\/h1>\n<h1 style=\"text-align: center; font-size: 48px;\"><strong>+48 730 522 608<\/strong><\/h1>\n<p style=\"text-align: center;\"><strong>We accept reservations only by phone.<\/strong><\/p>\n\n\t\t<\/div>\n\t<\/div>\n<div class=\"vc_separator wpb_content_element vc_separator_align_center vc_sep_width_100 vc_sep_pos_align_center vc_sep_color_grey\" ><span class=\"vc_sep_holder vc_sep_holder_l\"><span class=\"vc_sep_line\"><\/span><\/span><span class=\"vc_sep_holder vc_sep_holder_r\"><span class=\"vc_sep_line\"><\/span><\/span>\n<\/div><div class=\"vc_empty_space\"   style=\"height: 32px\"><span class=\"vc_empty_space_inner\"><\/span><\/div>\n\t<div class=\"wpb_text_column wpb_content_element\" >\n\t\t<div class=\"wpb_wrapper\">\n\t\t\t<h3 class=\"sc_title sc_title_iconed sc_align_center animated fadeInUp normal\" style=\"text-align: center;\" data-animation=\"animated fadeInUp normal\">Zakr\u0119cona Bila Pozna\u0144 \u2013 Playing Your Game For More Than Two Decades<\/h3>\n<div class=\"wpb_text_column wpb_content_element\">\n<div class=\"wpb_wrapper\">\n<p style=\"text-align: center;\">Zakr\u0119cona Bila to najd\u0142u\u017cej istniej\u0105cy w tym samym miejscu klub bilardowy w Poznaniu. Dzia\u0142alno\u015b\u0107 rozpocz\u0119li\u015bmy w 1999 roku, czyli ponad dwie dekady temu. Od 25 lat stale podnosimy jako\u015b\u0107 us\u0142ug, aby ka\u017cdy go\u015b\u0107 czu\u0142 z nich satysfakcj\u0119. W naszym klubie oferujemy szeroki zakres ofert. Popularne s\u0105 u nas imprezy firmowe, urodziny, czy wieczory kawalerskie. Oferujemy specjalne promocje dla student\u00f3w oraz sta\u0142ych klient\u00f3w. W barze mamy do zaproponowania dobre piwo, markowe alkohole oraz pyszne autorskie drinki, kt\u00f3re ciesz\u0105 si\u0119 niema\u0142\u0105 popularno\u015bci\u0105 w\u015br\u00f3d bywalc\u00f3w klubu. Serwujemy r\u00f3wnie\u017c przek\u0105ski.<\/p>\n<p style=\"text-align: center;\">Gra w bilard, rzutki lub pi\u0142karzyki w Zakr\u0119conej Bili odbywa si\u0119 na najwy\u017cszym poziomie, na nowoczesnych sto\u0142ach i przy u\u017cyciu sprz\u0119tu najwy\u017cszej jako\u015bci. Organizujemy profesjonalne turnieje wraz z Polskim Zwi\u0105zkiem Bilardowym. Przez kilka lat w ka\u017cdy poniedzia\u0142ek rozgrywali\u015bmy cykliczny turniej Monday Killer. Chcemy, by ka\u017cdy mia\u0142 szans\u0119 si\u0119 wykaza\u0107 i \u015bwietnie bawi\u0107. W Zakr\u0119conej Bili odbywaj\u0105 si\u0119 r\u00f3wnie\u017c eliminacje do najwi\u0119kszego amatorskiego turnieju w Europie tzw. \u201eAmator Challenge\u201d. Nasz klub to miejsce, w jakim mo\u017cna si\u0119 dobrze bawi\u0107 i zrelaksowa\u0107.<\/p>\n<p style=\"text-align: center;\">Dru\u017cyny Zakr\u0119conej bior\u0105 udzia\u0142 w rozgrywkach I oraz II Polskiej Ligi Bilardowej PZBil.<\/p>\n<p style=\"text-align: center;\">Friendly and smiling staff, an atmospheric pub, air conditioning, full-size and small\u00a0 pool tables \u2013 these are what we are known for best. You and all your friends are welcome \u2013 have fun!<\/p>\n<\/div>\n<\/div>\n\n\t\t<\/div>\n\t<\/div>\n<div class=\"vc_empty_space\"   style=\"height: 32px\"><span class=\"vc_empty_space_inner\"><\/span><\/div>\n\t<div class=\"wpb_text_column wpb_content_element\" >\n\t\t<div class=\"wpb_wrapper\">\n\t\t\t<h3 style=\"text-align: center;\"><strong>Pool rates per 1 hour:<\/strong><\/h3>\n<p style=\"text-align: center;\"><strong><br \/>\n<\/strong><strong>Niedziela i \u015bwi\u0119ta &#8211; 32 z\u0142\/h<\/strong><strong><br \/>\n<\/strong><em>Friday and Saturday prices apply on public holidays that are on Fridays and Saturdays<\/em><strong><br \/>\n<\/strong><\/p>\n<p style=\"text-align: center;\"><strong>Monday to Thursday<\/strong><\/p>\n<table style=\"text-align: left; width: 100%;\" border=\"1\" cellspacing=\"2\" cellpadding=\"2\">\n<tbody>\n<tr>\n<td>\n<p style=\"text-align: center;\">\u00a0<strong>until 18:00<\/strong><\/p>\n<p style=\"text-align: center;\"><strong>25 z\u0142\/h<\/strong><\/p>\n<\/td>\n<td style=\"text-align: center;\">\n<p><strong>\u00a0after 18:00<\/strong><\/p>\n<p><strong>32 z\u0142\/h<\/strong><\/td>\n<\/tr>\n<\/tbody>\n<\/table>\n<p style=\"text-align: center;\"><strong>Friday<\/strong><\/p>\n<table style=\"text-align: left; width: 100%;\" border=\"1\" cellspacing=\"2\" cellpadding=\"2\">\n<tbody>\n<tr>\n<td>\n<p style=\"text-align: center;\"><strong>until 18:00<\/strong><\/p>\n<p style=\"text-align: center;\"><strong>25 z\u0142\/h<\/strong><\/p>\n<\/td>\n<td style=\"text-align: center;\">\n<p><strong>after 18:00<\/strong><\/p>\n<p><strong>42 z\u0142\/h<\/strong><\/td>\n<\/tr>\n<\/tbody>\n<\/table>\n<p style=\"text-align: center;\"><strong>Saturday<\/strong><\/p>\n<table style=\"text-align: left; width: 100%;\" border=\"1\" cellspacing=\"2\" cellpadding=\"2\">\n<tbody>\n<tr>\n<td>\n<p style=\"text-align: center;\"><strong>do 17:00<\/strong><\/p>\n<p style=\"text-align: center;\"><strong>32 z\u0142\/h<\/strong><\/p>\n<\/td>\n<td style=\"text-align: center;\">\n<p><strong>po 17:00<\/strong><\/p>\n<p><strong>42 z\u0142\/h<\/strong><\/td>\n<\/tr>\n<\/tbody>\n<\/table>\n<h3><\/h3>\n<h3><\/h3>\n<h3 style=\"text-align: center;\"><strong>Za godzin\u0119 gry w darta (sizal) zap\u0142acisz:<\/strong><\/h3>\n<p style=\"text-align: center;\"><strong>Niedziela &#8211; czwartek &#8211; 20 z\u0142\/h<\/strong><\/p>\n<p style=\"text-align: center;\"><strong>Pi\u0105tek &#8211; sobota<\/strong><\/p>\n<table style=\"text-align: left; width: 100%;\" border=\"1\" cellspacing=\"2\" cellpadding=\"2\">\n<tbody>\n<tr>\n<td>\n<p style=\"text-align: center;\">\u00a0<strong>until 18:00<\/strong><\/p>\n<p style=\"text-align: center;\"><strong>20 z\u0142\/h<\/strong><\/p>\n<\/td>\n<td style=\"text-align: center;\">\n<p><strong>\u00a0after 18:00<\/strong><\/p>\n<p><strong>25 z\u0142\/h<\/strong><\/td>\n<\/tr>\n<\/tbody>\n<\/table>\n<h5 style=\"text-align: center;\">*nie prowadzimy rezerwacji stanowisk do darta<\/h5>\n<p>&nbsp;<\/p>\n<p><!--more--><\/p>\n\n\t\t<\/div>\n\t<\/div>\n<div class=\"vc_empty_space\"   style=\"height: 32px\"><span class=\"vc_empty_space_inner\"><\/span><\/div><div class=\"vc_empty_space\"   style=\"height: 32px\"><span class=\"vc_empty_space_inner\"><\/span><\/div><div class=\"vc_separator wpb_content_element vc_separator_align_center vc_sep_width_100 vc_sep_pos_align_center vc_sep_color_grey\" ><span class=\"vc_sep_holder vc_sep_holder_l\"><span class=\"vc_sep_line\"><\/span><\/span><span class=\"vc_sep_holder vc_sep_holder_r\"><span class=\"vc_sep_line\"><\/span><\/span>\n<\/div><div class=\"vc_empty_space\"   style=\"height: 32px\"><span class=\"vc_empty_space_inner\"><\/span><\/div><\/div><\/div><\/div><\/div><div class=\"vc_row wpb_row vc_row-fluid\"><div class=\"wpb_column vc_column_container vc_col-sm-12\"><div class=\"vc_column-inner\"><div class=\"wpb_wrapper\">\n\t<div class=\"wpb_text_column wpb_content_element\" >\n\t\t<div class=\"wpb_wrapper\">\n\t\t\t<h4 style=\"text-align: center;\"><span style=\"color: 33aa9b;\">1-11:<\/span> sto\u0142y bilardowe\u00a0 *\u00a0 <span style=\"color: #33aa9b;\">12:<\/span> seats at the bar<\/h4>\n<h4 style=\"text-align: center;\"><span style=\"color: #33aa9b;\">13-15:<\/span> boxes *\u00a0\u00a0<span style=\"color: #33aa9b;\">16:<\/span>\u00a0soft dart machines *\u00a0\u00a0<span style=\"color: #33aa9b;\">17:<\/span>\u00a0large screen *\u00a0\u00a0<span style=\"color: #33aa9b;\">18-20:<\/span> tarcze dart steel\u00a0 *\u00a0 <span style=\"color: #33aa9b;\">21: <\/span>lo\u017ca przy dart steel<\/h4>\n<h4 style=\"text-align: center;\"><span style=\"color: #33aa9b;\">22-23:<\/span> sto\u0142y do pi\u0142karzyk\u00f3w<\/h4>\n<h3 style=\"text-align: center;\"><a href=\"https:\/\/www.zakreconabila.pl\/wp-content\/uploads\/2024\/08\/Uklad-klubu_VIII-2024-1.png\"><img loading=\"lazy\" decoding=\"async\" class=\"alignnone size-full wp-image-3844\" src=\"https:\/\/www.zakreconabila.pl\/wp-content\/uploads\/2024\/08\/Uklad-klubu_VIII-2024-1.png\" alt=\"\" width=\"1080\" height=\"1080\" srcset=\"https:\/\/www.zakreconabila.pl\/wp-content\/uploads\/2024\/08\/Uklad-klubu_VIII-2024-1.png 1080w, https:\/\/www.zakreconabila.pl\/wp-content\/uploads\/2024\/08\/Uklad-klubu_VIII-2024-1-300x300.png 300w, https:\/\/www.zakreconabila.pl\/wp-content\/uploads\/2024\/08\/Uklad-klubu_VIII-2024-1-1024x1024.png 1024w, https:\/\/www.zakreconabila.pl\/wp-content\/uploads\/2024\/08\/Uklad-klubu_VIII-2024-1-150x150.png 150w, https:\/\/www.zakreconabila.pl\/wp-content\/uploads\/2024\/08\/Uklad-klubu_VIII-2024-1-768x768.png 768w, https:\/\/www.zakreconabila.pl\/wp-content\/uploads\/2024\/08\/Uklad-klubu_VIII-2024-1-12x12.png 12w, https:\/\/www.zakreconabila.pl\/wp-content\/uploads\/2024\/08\/Uklad-klubu_VIII-2024-1-750x750.png 750w, https:\/\/www.zakreconabila.pl\/wp-content\/uploads\/2024\/08\/Uklad-klubu_VIII-2024-1-400x400.png 400w, https:\/\/www.zakreconabila.pl\/wp-content\/uploads\/2024\/08\/Uklad-klubu_VIII-2024-1-260x260.png 260w, https:\/\/www.zakreconabila.pl\/wp-content\/uploads\/2024\/08\/Uklad-klubu_VIII-2024-1-250x250.png 250w, https:\/\/www.zakreconabila.pl\/wp-content\/uploads\/2024\/08\/Uklad-klubu_VIII-2024-1-75x75.png 75w\" sizes=\"(max-width: 1080px) 100vw, 1080px\" \/><\/a><\/h3>\n\n\t\t<\/div>\n\t<\/div>\n<video class=\"sc_video\" src=\"https:\/\/www.zakreconabila.pl\/wp-content\/uploads\/2026\/03\/ZB_filmik_pelny-klub_26.mp4\" width=\"100%\" height=\"\" data-width=\"100%\" data-height=\"\" data-ratio=\"16:9\" data-align=\"center\" style=\"width:100%;\" controls=\"controls\" loop=\"loop\"><\/video><section class=\"vc_cta3-container\"><div class=\"vc_general vc_cta3 vc_cta3-style-classic vc_cta3-shape-rounded vc_cta3-align-center vc_cta3-color-classic vc_cta3-icon-size-md vc_custom_1765639779551\"><div class=\"vc_cta3_content-container\"><div class=\"vc_cta3-content\"><header class=\"vc_cta3-content-header\"><h2>Aktualne promocje studenckie<\/h2><\/header><p><a href=\"https:\/\/www.zakreconabila.pl\/wp-content\/uploads\/2025\/12\/FB_PROMOCJE_internet.png\"><img loading=\"lazy\" decoding=\"async\" class=\"alignnone size-full wp-image-4173\" src=\"https:\/\/www.zakreconabila.pl\/wp-content\/uploads\/2025\/12\/FB_PROMOCJE_internet.png\" alt=\"\" width=\"707\" height=\"1000\" srcset=\"https:\/\/www.zakreconabila.pl\/wp-content\/uploads\/2025\/12\/FB_PROMOCJE_internet.png 707w, https:\/\/www.zakreconabila.pl\/wp-content\/uploads\/2025\/12\/FB_PROMOCJE_internet-212x300.png 212w, https:\/\/www.zakreconabila.pl\/wp-content\/uploads\/2025\/12\/FB_PROMOCJE_internet-724x1024.png 724w, https:\/\/www.zakreconabila.pl\/wp-content\/uploads\/2025\/12\/FB_PROMOCJE_internet-768x1086.png 768w, https:\/\/www.zakreconabila.pl\/wp-content\/uploads\/2025\/12\/FB_PROMOCJE_internet-1086x1536.png 1086w, https:\/\/www.zakreconabila.pl\/wp-content\/uploads\/2025\/12\/FB_PROMOCJE_internet-8x12.png 8w, https:\/\/www.zakreconabila.pl\/wp-content\/uploads\/2025\/12\/FB_PROMOCJE_internet-1150x1626.png 1150w, https:\/\/www.zakreconabila.pl\/wp-content\/uploads\/2025\/12\/FB_PROMOCJE_internet-750x1061.png 750w, https:\/\/www.zakreconabila.pl\/wp-content\/uploads\/2025\/12\/FB_PROMOCJE_internet-400x566.png 400w, https:\/\/www.zakreconabila.pl\/wp-content\/uploads\/2025\/12\/FB_PROMOCJE_internet-260x368.png 260w\" sizes=\"(max-width: 707px) 100vw, 707px\" \/><\/a><\/p>\n<\/div><\/div><\/div><\/section><\/div><\/div><\/div><\/div>\n<\/div>","protected":false},"excerpt":{"rendered":"<p>Za godzin\u0119 gry w bilard zap\u0142acisz: Niedziela i \u015bwi\u0119ta &#8211; 32 z\u0142\/h W dni \u015bwi\u0105teczne przypadaj\u0105ce w pi\u0105tki i soboty obowi\u0105zuj\u0105 ceny, jak w pi\u0105tek i sobot\u0119 Poniedzia\u0142ek &#8211; czwartek \u00a0do 18:00 25 z\u0142\/h \u00a0po 18:00 32 z\u0142\/h Pi\u0105tek do 18:00 25 z\u0142\/h po 18:00 42 z\u0142\/h Sobota do 17:00 32 z\u0142\/h po 17:00 42 [&hellip;]<\/p>","protected":false},"author":1,"featured_media":0,"parent":0,"menu_order":0,"comment_status":"closed","ping_status":"closed","template":"","meta":{"footnotes":""},"_links":{"self":[{"href":"https:\/\/www.zakreconabila.pl\/en\/wp-json\/wp\/v2\/pages\/2041"}],"collection":[{"href":"https:\/\/www.zakreconabila.pl\/en\/wp-json\/wp\/v2\/pages"}],"about":[{"href":"https:\/\/www.zakreconabila.pl\/en\/wp-json\/wp\/v2\/types\/page"}],"author":[{"embeddable":true,"href":"https:\/\/www.zakreconabila.pl\/en\/wp-json\/wp\/v2\/users\/1"}],"replies":[{"embeddable":true,"href":"https:\/\/www.zakreconabila.pl\/en\/wp-json\/wp\/v2\/comments?post=2041"}],"version-history":[{"count":88,"href":"https:\/\/www.zakreconabila.pl\/en\/wp-json\/wp\/v2\/pages\/2041\/revisions"}],"predecessor-version":[{"id":4323,"href":"https:\/\/www.zakreconabila.pl\/en\/wp-json\/wp\/v2\/pages\/2041\/revisions\/4323"}],"wp:attachment":[{"href":"https:\/\/www.zakreconabila.pl\/en\/wp-json\/wp\/v2\/media?parent=2041"}],"curies":[{"name":"wp","href":"https:\/\/api.w.org\/{rel}","templated":true}]}}