{"id":2043,"date":"2017-04-25T13:06:37","date_gmt":"2017-04-25T13:06:37","guid":{"rendered":"http:\/\/www.zakreconabila.pl\/?page_id=2043"},"modified":"2026-03-26T22:22:34","modified_gmt":"2026-03-26T22:22:34","slug":"kontakt","status":"publish","type":"page","link":"https:\/\/www.zakreconabila.pl\/en\/kontakt\/","title":{"rendered":"KONTAKT"},"content":{"rendered":"<div class=\"wpb-content-wrapper\"><div class=\"vc_row wpb_row vc_row-fluid\"><div class=\"wpb_column vc_column_container vc_col-sm-3\"><div class=\"vc_column-inner\"><div class=\"wpb_wrapper\">\n\t<div class=\"wpb_text_column wpb_content_element\" >\n\t\t<div class=\"wpb_wrapper\">\n\t\t\t<h3 style=\"text-align: center;\">Club address:<\/h3>\n<p style=\"text-align: center;\"><strong>Ratajczaka 20<\/strong><br \/>\n<strong>61-815 Pozna\u0144<\/strong><br \/>\n<strong>(Near the Apollo Passage)<\/strong><\/p>\n\n\t\t<\/div>\n\t<\/div>\n<\/div><\/div><\/div><div class=\"wpb_column vc_column_container vc_col-sm-3\"><div class=\"vc_column-inner\"><div class=\"wpb_wrapper\">\n\t<div class=\"wpb_text_column wpb_content_element\" >\n\t\t<div class=\"wpb_wrapper\">\n\t\t\t<h4 style=\"text-align: center;\">Opening hours:<br \/>\n<strong><br \/>\n<\/strong><strong>Poniedzia\u0142ek 16:00 &#8211; 1:00<\/strong><br \/>\n<strong>Wtorek 16:00 &#8211; 1:00<\/strong><br \/>\n<strong>\u015aroda 16:00 &#8211; 1:00<\/strong><br \/>\n<strong>Czwartek 15:00 &#8211; 1:00<\/strong><br \/>\n<strong>Pi\u0105tek 15:00 &#8211; 2:00<\/strong><br \/>\n<strong>Sobota 14:00 &#8211; 2:00<\/strong><br \/>\n<strong>Niedziela 14:00 &#8211; 00:00<\/strong><\/h4>\n\n\t\t<\/div>\n\t<\/div>\n<\/div><\/div><\/div><div class=\"wpb_column vc_column_container vc_col-sm-3\"><div class=\"vc_column-inner\"><div class=\"wpb_wrapper\">\n\t<div class=\"wpb_text_column wpb_content_element\" >\n\t\t<div class=\"wpb_wrapper\">\n\t\t\t<h3 style=\"text-align: center;\">E-mail:<\/h3>\n<p style=\"text-align: center;\"><strong><a href=\"mailto:zakrecona.bila@gmail.com\">zakrecona.bila@gmail.com<\/a><\/strong><\/p>\n\n\t\t<\/div>\n\t<\/div>\n<\/div><\/div><\/div><div class=\"wpb_column vc_column_container vc_col-sm-3\"><div class=\"vc_column-inner\"><div class=\"wpb_wrapper\">\n\t<div class=\"wpb_text_column wpb_content_element\" >\n\t\t<div class=\"wpb_wrapper\">\n\t\t\t<h3 style=\"text-align: center;\">Phone:<\/h3>\n<p style=\"text-align: center;\"><strong>+48 533 522 608<br \/>\n<\/strong><strong>or<br \/>\n+48 730 522 608<\/strong><br \/>\n<strong>or<\/strong><br \/>\n<strong>+48 61 855 73 83<\/strong><\/p>\n\n\t\t<\/div>\n\t<\/div>\n<\/div><\/div><\/div><\/div><div class=\"vc_row wpb_row vc_row-fluid\"><div class=\"wpb_column vc_column_container vc_col-sm-12\"><div class=\"vc_column-inner\"><div class=\"wpb_wrapper\"><video class=\"sc_video\" src=\"https:\/\/www.zakreconabila.pl\/wp-content\/uploads\/2026\/03\/ZB_filmik_pelny-klub_26.mp4\" width=\"100%\" height=\"\" data-width=\"100%\" data-height=\"\" data-ratio=\"16:9\" data-align=\"center\" style=\"width:100%;\" controls=\"controls\" loop=\"loop\"><\/video><\/div><\/div><\/div><\/div>\n<\/div>","protected":false},"excerpt":{"rendered":"Adres klubu: Ratajczaka 20 61-815 Pozna\u0144 (Niedaleko pasa\u017cu\u00a0Apollo) Godziny otwarcia: Poniedzia\u0142ek 16:00 - 1:00 Wtorek 16:00 - 1:00 \u015aroda 16:00 - 1:00 Czwartek 15:00 - 1:00 Pi\u0105tek 15:00 - 2:00 Sobota 14:00 - 2:00 Niedziela 14:00 - 00:00 E-mail: zakrecona.bila@gmail.com Telefon: +48 533 522 608 lub +48 730 522 608 lub +48 61 855 73 [...]","protected":false},"author":1,"featured_media":0,"parent":0,"menu_order":0,"comment_status":"closed","ping_status":"closed","template":"","meta":{"footnotes":""},"_links":{"self":[{"href":"https:\/\/www.zakreconabila.pl\/en\/wp-json\/wp\/v2\/pages\/2043"}],"collection":[{"href":"https:\/\/www.zakreconabila.pl\/en\/wp-json\/wp\/v2\/pages"}],"about":[{"href":"https:\/\/www.zakreconabila.pl\/en\/wp-json\/wp\/v2\/types\/page"}],"author":[{"embeddable":true,"href":"https:\/\/www.zakreconabila.pl\/en\/wp-json\/wp\/v2\/users\/1"}],"replies":[{"embeddable":true,"href":"https:\/\/www.zakreconabila.pl\/en\/wp-json\/wp\/v2\/comments?post=2043"}],"version-history":[{"count":34,"href":"https:\/\/www.zakreconabila.pl\/en\/wp-json\/wp\/v2\/pages\/2043\/revisions"}],"predecessor-version":[{"id":4326,"href":"https:\/\/www.zakreconabila.pl\/en\/wp-json\/wp\/v2\/pages\/2043\/revisions\/4326"}],"wp:attachment":[{"href":"https:\/\/www.zakreconabila.pl\/en\/wp-json\/wp\/v2\/media?parent=2043"}],"curies":[{"name":"wp","href":"https:\/\/api.w.org\/{rel}","templated":true}]}}