{"id":2052,"date":"2017-04-25T13:09:08","date_gmt":"2017-04-25T13:09:08","guid":{"rendered":"http:\/\/www.zakreconabila.pl\/?page_id=2052"},"modified":"2025-04-04T14:17:07","modified_gmt":"2025-04-04T14:17:07","slug":"blog-o-bilardzie","status":"publish","type":"page","link":"https:\/\/www.zakreconabila.pl\/en\/blog-o-bilardzie\/","title":{"rendered":"BLOG O BILARDZIE"},"content":{"rendered":"<div class=\"wpb-content-wrapper\"><div class=\"vc_row wpb_row vc_row-fluid\"><div class=\"wpb_column vc_column_container vc_col-sm-12\"><div class=\"vc_column-inner\"><div class=\"wpb_wrapper\">\n<div class=\"vc_grid-container-wrapper vc_clearfix vc_grid-animation-fadeIn\">\n\t<div class=\"vc_grid-container vc_clearfix wpb_content_element vc_basic_grid\" data-initial-loading-animation=\"fadeIn\" data-vc-grid-settings=\"{&quot;page_id&quot;:2052,&quot;style&quot;:&quot;all&quot;,&quot;action&quot;:&quot;vc_get_vc_grid_data&quot;,&quot;shortcode_id&quot;:&quot;1743776173568-40860f48fc4f8625867d711a56b83d1c-5&quot;,&quot;tag&quot;:&quot;vc_basic_grid&quot;}\" data-vc-request=\"https:\/\/www.zakreconabila.pl\/wp-admin\/admin-ajax.php\" data-vc-post-id=\"2052\" data-vc-public-nonce=\"a3568aa577\">\n\t\t<style data-type=\"vc_shortcodes-custom-css\">.vc_custom_1419240516480{background-color: #f9f9f9 !important;}<\/style><div class=\"vc_grid vc_row vc_grid-gutter-30px vc_pageable-wrapper vc_hook_hover\" data-vc-pageable-content=\"true\"><div class=\"vc_pageable-slide-wrapper vc_clearfix\" data-vc-grid-content=\"true\"><div class=\"vc_grid-item vc_clearfix vc_col-sm-4 vc_grid-item-zone-c-bottom\"><div class=\"vc_grid-item-mini vc_clearfix\"><div class=\"vc_gitem-animated-block\" ><div class=\"vc_gitem-zone vc_gitem-zone-a vc-gitem-zone-height-mode-auto vc-gitem-zone-height-mode-auto-1-1 vc_gitem-is-link\" style=\"background-image: url('https:\/\/www.zakreconabila.pl\/wp-content\/uploads\/2026\/04\/20260426_121032-1-768x1024.jpg') !important;\"><a href=\"https:\/\/www.zakreconabila.pl\/en\/bilard-w-zakreconej\/amator-challenge-2026-nr-2\/\" title=\"Amator Challenge 2026 nr 2\" class=\"vc_gitem-link vc-zone-link\" ><\/a><img decoding=\"async\" class=\"vc_gitem-zone-img\" src=\"https:\/\/www.zakreconabila.pl\/wp-content\/uploads\/2026\/04\/20260426_121032-1-768x1024.jpg\" alt=\"Amator Challenge 2026 nr 2\" loading=\"lazy\"><div class=\"vc_gitem-zone-mini\"><\/div><\/div><\/div><div class=\"vc_gitem-zone vc_gitem-zone-c vc_custom_1419240516480\"><div class=\"vc_gitem-zone-mini\"><div class=\"vc_gitem_row vc_row vc_gitem-row-position-top\"><div class=\"vc_col-sm-12 vc_gitem-col vc_gitem-col-align-\"><div class=\"vc_custom_heading vc_gitem-post-data vc_gitem-post-data-source-post_title\" ><h4 style=\"text-align: left\" >Amator Challenge 2026 nr 2<\/h4><\/div><div class=\"vc_custom_heading vc_gitem-post-data vc_gitem-post-data-source-post_excerpt\" ><p style=\"text-align: left\" ><p>W niedziel\u0119 26.04.2026r. rozegrali\u015bmy w Zakr\u0119conej drugi turniej tegorocznej ods\u0142ony Amator Challenge 2026 &#8211; Eliminacje do Mistrzostw Polski Amator\u00f3w w bilard w 8-bil.W zawodach wzi\u0119\u0142o udzia\u0142 25 bilardzist\u00f3w. Na miejscach trzecich zmagania zako\u0144czyli Robert Koz\u0142owski oraz Marcin Gozdowski. W finale zmierzyli si\u0119 Robert K\u0142os i Remigiusz Wyrzykiewicz, a zwyci\u0119stwo w turnieju wywalczy\u0142 Remi!Aktualny ranking dost\u0119pny [&hellip;]<\/p>\n<\/p><\/div><div class=\"vc_btn3-container vc_btn3-left\"><a class=\"vc_general vc_btn3 vc_btn3-size-md vc_btn3-shape-rounded vc_btn3-style-flat vc_btn3-color-juicy-pink\" a href=\"https:\/\/www.zakreconabila.pl\/en\/bilard-w-zakreconej\/amator-challenge-2026-nr-2\/\" title=\"Read more\">Read more<\/a><\/div><\/div><\/div><\/div><\/div><\/div><div class=\"vc_clearfix\"><\/div><\/div><div class=\"vc_grid-item vc_clearfix vc_col-sm-4 vc_grid-item-zone-c-bottom\"><div class=\"vc_grid-item-mini vc_clearfix\"><div class=\"vc_gitem-animated-block\" ><div class=\"vc_gitem-zone vc_gitem-zone-a vc-gitem-zone-height-mode-auto vc-gitem-zone-height-mode-auto-1-1 vc_gitem-is-link\" style=\"background-image: url('https:\/\/www.zakreconabila.pl\/wp-content\/uploads\/2026\/03\/amator_plakat_2026_eliminacje_zmiana-terminu-717x1024.jpg') !important;\"><a href=\"https:\/\/www.zakreconabila.pl\/en\/bilard-w-zakreconej\/zapisy-ii-turniej-amator-challenge-2026\/\" title=\"Zapisy II turniej Amator Challenge 2026\" class=\"vc_gitem-link vc-zone-link\" ><\/a><img decoding=\"async\" class=\"vc_gitem-zone-img\" src=\"https:\/\/www.zakreconabila.pl\/wp-content\/uploads\/2026\/03\/amator_plakat_2026_eliminacje_zmiana-terminu-717x1024.jpg\" alt=\"Zapisy II turniej Amator Challenge 2026\" loading=\"lazy\"><div class=\"vc_gitem-zone-mini\"><\/div><\/div><\/div><div class=\"vc_gitem-zone vc_gitem-zone-c vc_custom_1419240516480\"><div class=\"vc_gitem-zone-mini\"><div class=\"vc_gitem_row vc_row vc_gitem-row-position-top\"><div class=\"vc_col-sm-12 vc_gitem-col vc_gitem-col-align-\"><div class=\"vc_custom_heading vc_gitem-post-data vc_gitem-post-data-source-post_title\" ><h4 style=\"text-align: left\" >Zapisy II turniej Amator Challenge 2026<\/h4><\/div><div class=\"vc_custom_heading vc_gitem-post-data vc_gitem-post-data-source-post_excerpt\" ><p style=\"text-align: left\" ><p>Rozpoczynamy zapisy do II turnieju cyklu Amator Challenge 2026 \u2013 Eliminacje do Mistrzostw Polski Amator\u00f3w PZBilhttps:\/\/www.online-brackets.com\/pl\/view\/24972\/signupZapisy otwarte do soboty do godz. 23:59.Klub b\u0119dzie otwarty od godz. 11:30, start turnieju godz. 12:00.Do zobaczenia!<\/p>\n<\/p><\/div><div class=\"vc_btn3-container vc_btn3-left\"><a class=\"vc_general vc_btn3 vc_btn3-size-md vc_btn3-shape-rounded vc_btn3-style-flat vc_btn3-color-juicy-pink\" a href=\"https:\/\/www.zakreconabila.pl\/en\/bilard-w-zakreconej\/zapisy-ii-turniej-amator-challenge-2026\/\" title=\"Read more\">Read more<\/a><\/div><\/div><\/div><\/div><\/div><\/div><div class=\"vc_clearfix\"><\/div><\/div><div class=\"vc_grid-item vc_clearfix vc_col-sm-4 vc_grid-item-zone-c-bottom\"><div class=\"vc_grid-item-mini vc_clearfix\"><div class=\"vc_gitem-animated-block\" ><div class=\"vc_gitem-zone vc_gitem-zone-a vc-gitem-zone-height-mode-auto vc-gitem-zone-height-mode-auto-1-1 vc_gitem-is-link\" style=\"background-image: url('https:\/\/www.zakreconabila.pl\/wp-content\/uploads\/2026\/04\/podklad2-1-1-732x1024.png') !important;\"><a href=\"https:\/\/www.zakreconabila.pl\/en\/bilard-w-zakreconej\/mistrzostwa-polski-amatorow-w-9-bil-2026\/\" title=\"Mistrzostwa Polski Amator\u00f3w w 9-bil 2026\" class=\"vc_gitem-link vc-zone-link\" ><\/a><img decoding=\"async\" class=\"vc_gitem-zone-img\" src=\"https:\/\/www.zakreconabila.pl\/wp-content\/uploads\/2026\/04\/podklad2-1-1-732x1024.png\" alt=\"Mistrzostwa Polski Amator\u00f3w w 9-bil 2026\" loading=\"lazy\"><div class=\"vc_gitem-zone-mini\"><\/div><\/div><\/div><div class=\"vc_gitem-zone vc_gitem-zone-c vc_custom_1419240516480\"><div class=\"vc_gitem-zone-mini\"><div class=\"vc_gitem_row vc_row vc_gitem-row-position-top\"><div class=\"vc_col-sm-12 vc_gitem-col vc_gitem-col-align-\"><div class=\"vc_custom_heading vc_gitem-post-data vc_gitem-post-data-source-post_title\" ><h4 style=\"text-align: left\" >Mistrzostwa Polski Amator\u00f3w w 9-bil 2026<\/h4><\/div><div class=\"vc_custom_heading vc_gitem-post-data vc_gitem-post-data-source-post_excerpt\" ><p style=\"text-align: left\" ><p>W niedziel\u0119 17.05.2026r. odb\u0119dzie si\u0119 w Zakr\u0119conej turniej kwalifikacyjny do Mi\u0119dzynarodowych Mistrzostw Polski Amator\u00f3w w 9-bil 2026.Zapisy od 14.05.26r. na https:\/\/www.online-brackets.com\/plRegulamin turnieju:https:\/\/pzbil.pl\/content\/images\/news\/8c9e126746-mmpa20269bilregulamin.pdfDo zobaczenia!<\/p>\n<\/p><\/div><div class=\"vc_btn3-container vc_btn3-left\"><a class=\"vc_general vc_btn3 vc_btn3-size-md vc_btn3-shape-rounded vc_btn3-style-flat vc_btn3-color-juicy-pink\" a href=\"https:\/\/www.zakreconabila.pl\/en\/bilard-w-zakreconej\/mistrzostwa-polski-amatorow-w-9-bil-2026\/\" title=\"Read more\">Read more<\/a><\/div><\/div><\/div><\/div><\/div><\/div><div class=\"vc_clearfix\"><\/div><\/div><div class=\"vc_grid-item vc_clearfix vc_col-sm-4 vc_grid-item-zone-c-bottom\"><div class=\"vc_grid-item-mini vc_clearfix\"><div class=\"vc_gitem-animated-block\" ><div class=\"vc_gitem-zone vc_gitem-zone-a vc-gitem-zone-height-mode-auto vc-gitem-zone-height-mode-auto-1-1 vc_gitem-is-link\" style=\"background-image: url('https:\/\/www.zakreconabila.pl\/wp-content\/uploads\/2026\/04\/A7008E3D-25E9-4539-8053-62A9A7BEC2DE-1024x768.jpeg') !important;\"><a href=\"https:\/\/www.zakreconabila.pl\/en\/bilard-w-zakreconej\/4357\/\" title=\"\" class=\"vc_gitem-link vc-zone-link\" ><\/a><img decoding=\"async\" class=\"vc_gitem-zone-img\" src=\"https:\/\/www.zakreconabila.pl\/wp-content\/uploads\/2026\/04\/A7008E3D-25E9-4539-8053-62A9A7BEC2DE-1024x768.jpeg\" alt=\"\" loading=\"lazy\"><div class=\"vc_gitem-zone-mini\"><\/div><\/div><\/div><div class=\"vc_gitem-zone vc_gitem-zone-c vc_custom_1419240516480\"><div class=\"vc_gitem-zone-mini\"><div class=\"vc_gitem_row vc_row vc_gitem-row-position-top\"><div class=\"vc_col-sm-12 vc_gitem-col vc_gitem-col-align-\"><div class=\"vc_custom_heading vc_gitem-post-data vc_gitem-post-data-source-post_title\" ><h4 style=\"text-align: left\" ><\/h4><\/div><div class=\"vc_custom_heading vc_gitem-post-data vc_gitem-post-data-source-post_excerpt\" ><p style=\"text-align: left\" ><p>Jak bilard z ekip\u0105 to w\u0142a\u015bnie u nas!!\u00a0 Zgarniaj najbli\u017cszych i wpadaj ju\u017c dzi\u015b!&nbsp;<\/p>\n<\/p><\/div><div class=\"vc_btn3-container vc_btn3-left\"><a class=\"vc_general vc_btn3 vc_btn3-size-md vc_btn3-shape-rounded vc_btn3-style-flat vc_btn3-color-juicy-pink\" a href=\"https:\/\/www.zakreconabila.pl\/en\/bilard-w-zakreconej\/4357\/\" title=\"Read more\">Read more<\/a><\/div><\/div><\/div><\/div><\/div><\/div><div class=\"vc_clearfix\"><\/div><\/div><div class=\"vc_grid-item vc_clearfix vc_col-sm-4 vc_grid-item-zone-c-bottom\"><div class=\"vc_grid-item-mini vc_clearfix\"><div class=\"vc_gitem-animated-block\" ><div class=\"vc_gitem-zone vc_gitem-zone-a vc-gitem-zone-height-mode-auto vc-gitem-zone-height-mode-auto-1-1 vc_gitem-is-link\" style=\"background-image: url('https:\/\/www.zakreconabila.pl\/wp-content\/uploads\/2026\/04\/0BF18595-39E9-4AD1-8C09-77848EB26865-1024x768.jpeg') !important;\"><a href=\"https:\/\/www.zakreconabila.pl\/en\/bilard-w-zakreconej\/4350\/\" title=\"\" class=\"vc_gitem-link vc-zone-link\" ><\/a><img decoding=\"async\" class=\"vc_gitem-zone-img\" src=\"https:\/\/www.zakreconabila.pl\/wp-content\/uploads\/2026\/04\/0BF18595-39E9-4AD1-8C09-77848EB26865-1024x768.jpeg\" alt=\"\" loading=\"lazy\"><div class=\"vc_gitem-zone-mini\"><\/div><\/div><\/div><div class=\"vc_gitem-zone vc_gitem-zone-c vc_custom_1419240516480\"><div class=\"vc_gitem-zone-mini\"><div class=\"vc_gitem_row vc_row vc_gitem-row-position-top\"><div class=\"vc_col-sm-12 vc_gitem-col vc_gitem-col-align-\"><div class=\"vc_custom_heading vc_gitem-post-data vc_gitem-post-data-source-post_title\" ><h4 style=\"text-align: left\" ><\/h4><\/div><div class=\"vc_custom_heading vc_gitem-post-data vc_gitem-post-data-source-post_excerpt\" ><p style=\"text-align: left\" ><p>Weekendy pe\u0142ne wspomnie\u0144 w\u0142a\u015bnie z Wami!\u00a0<\/p>\n<\/p><\/div><div class=\"vc_btn3-container vc_btn3-left\"><a class=\"vc_general vc_btn3 vc_btn3-size-md vc_btn3-shape-rounded vc_btn3-style-flat vc_btn3-color-juicy-pink\" a href=\"https:\/\/www.zakreconabila.pl\/en\/bilard-w-zakreconej\/4350\/\" title=\"Read more\">Read more<\/a><\/div><\/div><\/div><\/div><\/div><\/div><div class=\"vc_clearfix\"><\/div><\/div><div class=\"vc_grid-item vc_clearfix vc_col-sm-4 vc_grid-item-zone-c-bottom\"><div class=\"vc_grid-item-mini vc_clearfix\"><div class=\"vc_gitem-animated-block\" ><div class=\"vc_gitem-zone vc_gitem-zone-a vc-gitem-zone-height-mode-auto vc-gitem-zone-height-mode-auto-1-1 vc_gitem-is-link\" style=\"background-image: url('https:\/\/www.zakreconabila.pl\/wp-content\/uploads\/2026\/04\/IMG_1999-1024x567.jpeg') !important;\"><a href=\"https:\/\/www.zakreconabila.pl\/en\/bilard-w-zakreconej\/4341\/\" title=\"\" class=\"vc_gitem-link vc-zone-link\" ><\/a><img decoding=\"async\" class=\"vc_gitem-zone-img\" src=\"https:\/\/www.zakreconabila.pl\/wp-content\/uploads\/2026\/04\/IMG_1999-1024x567.jpeg\" alt=\"\" loading=\"lazy\"><div class=\"vc_gitem-zone-mini\"><\/div><\/div><\/div><div class=\"vc_gitem-zone vc_gitem-zone-c vc_custom_1419240516480\"><div class=\"vc_gitem-zone-mini\"><div class=\"vc_gitem_row vc_row vc_gitem-row-position-top\"><div class=\"vc_col-sm-12 vc_gitem-col vc_gitem-col-align-\"><div class=\"vc_custom_heading vc_gitem-post-data vc_gitem-post-data-source-post_title\" ><h4 style=\"text-align: left\" ><\/h4><\/div><div class=\"vc_custom_heading vc_gitem-post-data vc_gitem-post-data-source-post_excerpt\" ><p style=\"text-align: left\" ><p>Weso\u0142ych \u015awi\u0105t Wielkanocnych!&nbsp; Du\u017co spokoju, rado\u015bci i wiosennej energii \u017cyczy ca\u0142a za\u0142oga Zakr\u0119conej Bili!&nbsp; PS. W niedziel\u0119 odpoczywamy&nbsp; Zapraszamy Was w poniedzia\u0142ek od godziny 18:00!&nbsp;<\/p>\n<\/p><\/div><div class=\"vc_btn3-container vc_btn3-left\"><a class=\"vc_general vc_btn3 vc_btn3-size-md vc_btn3-shape-rounded vc_btn3-style-flat vc_btn3-color-juicy-pink\" a href=\"https:\/\/www.zakreconabila.pl\/en\/bilard-w-zakreconej\/4341\/\" title=\"Read more\">Read more<\/a><\/div><\/div><\/div><\/div><\/div><\/div><div class=\"vc_clearfix\"><\/div><\/div><div class=\"vc_grid-item vc_clearfix vc_col-sm-4 vc_grid-item-zone-c-bottom\"><div class=\"vc_grid-item-mini vc_clearfix\"><div class=\"vc_gitem-animated-block\" ><div class=\"vc_gitem-zone vc_gitem-zone-a vc-gitem-zone-height-mode-auto vc-gitem-zone-height-mode-auto-1-1 vc_gitem-is-link\" style=\"background-image: url('https:\/\/www.zakreconabila.pl\/wp-content\/uploads\/2026\/03\/1000001421-1-771x1024.jpg') !important;\"><a href=\"https:\/\/www.zakreconabila.pl\/en\/bilard-w-zakreconej\/amator-challenge-2026-nr-1\/\" title=\"Amator Challenge 2026 nr 1\" class=\"vc_gitem-link vc-zone-link\" ><\/a><img decoding=\"async\" class=\"vc_gitem-zone-img\" src=\"https:\/\/www.zakreconabila.pl\/wp-content\/uploads\/2026\/03\/1000001421-1-771x1024.jpg\" alt=\"Amator Challenge 2026 nr 1\" loading=\"lazy\"><div class=\"vc_gitem-zone-mini\"><\/div><\/div><\/div><div class=\"vc_gitem-zone vc_gitem-zone-c vc_custom_1419240516480\"><div class=\"vc_gitem-zone-mini\"><div class=\"vc_gitem_row vc_row vc_gitem-row-position-top\"><div class=\"vc_col-sm-12 vc_gitem-col vc_gitem-col-align-\"><div class=\"vc_custom_heading vc_gitem-post-data vc_gitem-post-data-source-post_title\" ><h4 style=\"text-align: left\" >Amator Challenge 2026 nr 1<\/h4><\/div><div class=\"vc_custom_heading vc_gitem-post-data vc_gitem-post-data-source-post_excerpt\" ><p style=\"text-align: left\" ><p>W niedziel\u0119 29.03.2026r. zosta\u0142 rozegrany w Zakr\u0119conej pierwszy turniej tegorocznego cyklu Amator Challenge &#8211; Eliminacje do Mistrzostw Polski Amator\u00f3w w bilard 8-bil.W rozgrywkach wystartowa\u0142o 27 zawodnik\u00f3w. Miejsca trzecie wywalczyli Marcin Wagner oraz Robert Koz\u0142owski. W finale zagrali Rafa\u0142 \u0141ozowicki i Remigiusz Wyrzykiewicz, a w turnieju zwyci\u0119\u017cy\u0142 Remigiusz.https:\/\/www.online-brackets.com\/pl\/view\/rankings\/1122Drugi turniej eliminacyjny odb\u0119dzie si\u0119 26.04.2026r. O szczeg\u00f3\u0142ach b\u0119dziemy [&hellip;]<\/p>\n<\/p><\/div><div class=\"vc_btn3-container vc_btn3-left\"><a class=\"vc_general vc_btn3 vc_btn3-size-md vc_btn3-shape-rounded vc_btn3-style-flat vc_btn3-color-juicy-pink\" a href=\"https:\/\/www.zakreconabila.pl\/en\/bilard-w-zakreconej\/amator-challenge-2026-nr-1\/\" title=\"Read more\">Read more<\/a><\/div><\/div><\/div><\/div><\/div><\/div><div class=\"vc_clearfix\"><\/div><\/div><div class=\"vc_grid-item vc_clearfix vc_col-sm-4 vc_grid-item-zone-c-bottom\"><div class=\"vc_grid-item-mini vc_clearfix\"><div class=\"vc_gitem-animated-block\" ><div class=\"vc_gitem-zone vc_gitem-zone-a vc-gitem-zone-height-mode-auto vc-gitem-zone-height-mode-auto-1-1 vc_gitem-is-link\" style=\"background-image: url('https:\/\/www.zakreconabila.pl\/wp-content\/uploads\/2026\/03\/28FB22B9-C150-4FAE-B1B4-90879F148484-1024x663.jpeg') !important;\"><a href=\"https:\/\/www.zakreconabila.pl\/en\/bilard-w-zakreconej\/4331\/\" title=\"\" class=\"vc_gitem-link vc-zone-link\" ><\/a><img decoding=\"async\" class=\"vc_gitem-zone-img\" src=\"https:\/\/www.zakreconabila.pl\/wp-content\/uploads\/2026\/03\/28FB22B9-C150-4FAE-B1B4-90879F148484-1024x663.jpeg\" alt=\"\" loading=\"lazy\"><div class=\"vc_gitem-zone-mini\"><\/div><\/div><\/div><div class=\"vc_gitem-zone vc_gitem-zone-c vc_custom_1419240516480\"><div class=\"vc_gitem-zone-mini\"><div class=\"vc_gitem_row vc_row vc_gitem-row-position-top\"><div class=\"vc_col-sm-12 vc_gitem-col vc_gitem-col-align-\"><div class=\"vc_custom_heading vc_gitem-post-data vc_gitem-post-data-source-post_title\" ><h4 style=\"text-align: left\" ><\/h4><\/div><div class=\"vc_custom_heading vc_gitem-post-data vc_gitem-post-data-source-post_excerpt\" ><p style=\"text-align: left\" ><p>Z ekip\u0105 ra\u017aniej!&nbsp; Zgarniaj najbli\u017cszych i wpadaj na partyjk\u0119!&nbsp;<\/p>\n<\/p><\/div><div class=\"vc_btn3-container vc_btn3-left\"><a class=\"vc_general vc_btn3 vc_btn3-size-md vc_btn3-shape-rounded vc_btn3-style-flat vc_btn3-color-juicy-pink\" a href=\"https:\/\/www.zakreconabila.pl\/en\/bilard-w-zakreconej\/4331\/\" title=\"Read more\">Read more<\/a><\/div><\/div><\/div><\/div><\/div><\/div><div class=\"vc_clearfix\"><\/div><\/div><div class=\"vc_grid-item vc_clearfix vc_col-sm-4 vc_grid-item-zone-c-bottom\"><div class=\"vc_grid-item-mini vc_clearfix\"><div class=\"vc_gitem-animated-block\" ><div class=\"vc_gitem-zone vc_gitem-zone-a vc-gitem-zone-height-mode-auto vc-gitem-zone-height-mode-auto-1-1 vc_gitem-is-link\" style=\"background-image: url('https:\/\/www.zakreconabila.pl\/wp-content\/uploads\/2026\/03\/amator_plakat_2026_eliminacje_zmiana-terminu-717x1024.jpg') !important;\"><a href=\"https:\/\/www.zakreconabila.pl\/en\/bilard-w-zakreconej\/zapisy-i-turniej-amator-challenge-2026\/\" title=\"Zapisy I turniej Amator Challenge 2026\" class=\"vc_gitem-link vc-zone-link\" ><\/a><img decoding=\"async\" class=\"vc_gitem-zone-img\" src=\"https:\/\/www.zakreconabila.pl\/wp-content\/uploads\/2026\/03\/amator_plakat_2026_eliminacje_zmiana-terminu-717x1024.jpg\" alt=\"Zapisy I turniej Amator Challenge 2026\" loading=\"lazy\"><div class=\"vc_gitem-zone-mini\"><\/div><\/div><\/div><div class=\"vc_gitem-zone vc_gitem-zone-c vc_custom_1419240516480\"><div class=\"vc_gitem-zone-mini\"><div class=\"vc_gitem_row vc_row vc_gitem-row-position-top\"><div class=\"vc_col-sm-12 vc_gitem-col vc_gitem-col-align-\"><div class=\"vc_custom_heading vc_gitem-post-data vc_gitem-post-data-source-post_title\" ><h4 style=\"text-align: left\" >Zapisy I turniej Amator Challenge 2026<\/h4><\/div><div class=\"vc_custom_heading vc_gitem-post-data vc_gitem-post-data-source-post_excerpt\" ><p style=\"text-align: left\" ><p>Rozpoczynamy zapisy do I turnieju cyklu Amator Challenge 2026 &#8211; Eliminacje do Mistrzostw Polski Amator\u00f3w PZBilhttps:\/\/www.online-brackets.com\/pl\/view\/24868\/signupZapisy otwarte do soboty do godz. 23:59.Klub b\u0119dzie otwarty od godz. 11:30, start turnieju godz. 12:00.Do zobaczenia!<\/p>\n<\/p><\/div><div class=\"vc_btn3-container vc_btn3-left\"><a class=\"vc_general vc_btn3 vc_btn3-size-md vc_btn3-shape-rounded vc_btn3-style-flat vc_btn3-color-juicy-pink\" a href=\"https:\/\/www.zakreconabila.pl\/en\/bilard-w-zakreconej\/zapisy-i-turniej-amator-challenge-2026\/\" title=\"Read more\">Read more<\/a><\/div><\/div><\/div><\/div><\/div><\/div><div class=\"vc_clearfix\"><\/div><\/div><div class=\"vc_grid-item vc_clearfix vc_col-sm-4 vc_grid-item-zone-c-bottom\"><div class=\"vc_grid-item-mini vc_clearfix\"><div class=\"vc_gitem-animated-block\" ><div class=\"vc_gitem-zone vc_gitem-zone-a vc-gitem-zone-height-mode-auto vc-gitem-zone-height-mode-auto-1-1 vc_gitem-is-link\" style=\"background-image: url('https:\/\/www.zakreconabila.pl\/wp-content\/uploads\/2026\/03\/DBBC96CF-8BC6-4786-9CC9-C6C27B01075E-768x1024.jpeg') !important;\"><a href=\"https:\/\/www.zakreconabila.pl\/en\/bilard-w-zakreconej\/4306\/\" title=\"\" class=\"vc_gitem-link vc-zone-link\" ><\/a><img decoding=\"async\" class=\"vc_gitem-zone-img\" src=\"https:\/\/www.zakreconabila.pl\/wp-content\/uploads\/2026\/03\/DBBC96CF-8BC6-4786-9CC9-C6C27B01075E-768x1024.jpeg\" alt=\"\" loading=\"lazy\"><div class=\"vc_gitem-zone-mini\"><\/div><\/div><\/div><div class=\"vc_gitem-zone vc_gitem-zone-c vc_custom_1419240516480\"><div class=\"vc_gitem-zone-mini\"><div class=\"vc_gitem_row vc_row vc_gitem-row-position-top\"><div class=\"vc_col-sm-12 vc_gitem-col vc_gitem-col-align-\"><div class=\"vc_custom_heading vc_gitem-post-data vc_gitem-post-data-source-post_title\" ><h4 style=\"text-align: left\" ><\/h4><\/div><div class=\"vc_custom_heading vc_gitem-post-data vc_gitem-post-data-source-post_excerpt\" ><p style=\"text-align: left\" ><p>Wiecz\u00f3r z bilardem koniecznie u Nas!&nbsp; Wpadnij i sprawd\u017a!&nbsp;<\/p>\n<\/p><\/div><div class=\"vc_btn3-container vc_btn3-left\"><a class=\"vc_general vc_btn3 vc_btn3-size-md vc_btn3-shape-rounded vc_btn3-style-flat vc_btn3-color-juicy-pink\" a href=\"https:\/\/www.zakreconabila.pl\/en\/bilard-w-zakreconej\/4306\/\" title=\"Read more\">Read more<\/a><\/div><\/div><\/div><\/div><\/div><\/div><div class=\"vc_clearfix\"><\/div><\/div><\/div><\/div>\n\t<\/div>\n<\/div><\/div><\/div><\/div><\/div>\n<\/div>","protected":false},"excerpt":{"rendered":"Amator Challenge 2026 nr 2W niedziel\u0119 26.04.2026r. rozegrali\u015bmy w Zakr\u0119conej drugi turniej tegorocznej ods\u0142ony Amator Challenge 2026 &#8211; Eliminacje do Mistrzostw Polski Amator\u00f3w w bilard w 8-bil.W zawodach wzi\u0119\u0142o udzia\u0142 25 bilardzist\u00f3w. Na miejscach trzecich zmagania zako\u0144czyli Robert Koz\u0142owski oraz Marcin Gozdowski. W finale zmierzyli si\u0119 Robert K\u0142os i Remigiusz Wyrzykiewicz, a zwyci\u0119stwo w turnieju [...]","protected":false},"author":1,"featured_media":0,"parent":0,"menu_order":0,"comment_status":"closed","ping_status":"closed","template":"","meta":{"footnotes":""},"_links":{"self":[{"href":"https:\/\/www.zakreconabila.pl\/en\/wp-json\/wp\/v2\/pages\/2052"}],"collection":[{"href":"https:\/\/www.zakreconabila.pl\/en\/wp-json\/wp\/v2\/pages"}],"about":[{"href":"https:\/\/www.zakreconabila.pl\/en\/wp-json\/wp\/v2\/types\/page"}],"author":[{"embeddable":true,"href":"https:\/\/www.zakreconabila.pl\/en\/wp-json\/wp\/v2\/users\/1"}],"replies":[{"embeddable":true,"href":"https:\/\/www.zakreconabila.pl\/en\/wp-json\/wp\/v2\/comments?post=2052"}],"version-history":[{"count":4,"href":"https:\/\/www.zakreconabila.pl\/en\/wp-json\/wp\/v2\/pages\/2052\/revisions"}],"predecessor-version":[{"id":4024,"href":"https:\/\/www.zakreconabila.pl\/en\/wp-json\/wp\/v2\/pages\/2052\/revisions\/4024"}],"wp:attachment":[{"href":"https:\/\/www.zakreconabila.pl\/en\/wp-json\/wp\/v2\/media?parent=2052"}],"curies":[{"name":"wp","href":"https:\/\/api.w.org\/{rel}","templated":true}]}}